{"id":20,"date":"2022-09-29T05:25:35","date_gmt":"2022-09-29T05:25:35","guid":{"rendered":"http:\/\/wp1.efforttech.com\/wp\/bricks\/?page_id=20"},"modified":"2025-10-21T10:53:08","modified_gmt":"2025-10-21T08:53:08","slug":"o-nas","status":"publish","type":"page","link":"https:\/\/sienkiewiczkonstrukcje.pl\/en\/o-nas\/","title":{"rendered":"O nas"},"content":{"rendered":"<div data-elementor-type=\"wp-page\" data-elementor-id=\"20\" class=\"elementor elementor-20\">\n\t\t\t\t\t\t<section class=\"elementor-section elementor-top-section elementor-element elementor-element-ebac08c elementor-section-full_width elementor-section-height-default elementor-section-height-default\" data-id=\"ebac08c\" data-element_type=\"section\" data-e-type=\"section\">\n\t\t\t\t\t\t<div class=\"elementor-container elementor-column-gap-default\">\n\t\t\t\t\t<div class=\"elementor-column elementor-col-100 elementor-top-column elementor-element elementor-element-2f6f01e\" data-id=\"2f6f01e\" data-element_type=\"column\" data-e-type=\"column\">\n\t\t\t<div class=\"elementor-widget-wrap elementor-element-populated\">\n\t\t\t\t\t\t<div class=\"elementor-element elementor-element-d5d16ad elementor-widget elementor-widget-bricks_experience_section_3\" data-id=\"d5d16ad\" data-element_type=\"widget\" data-e-type=\"widget\" data-widget_type=\"bricks_experience_section_3.default\">\n\t\t\t\t<div class=\"elementor-widget-container\">\n\t\t\t\t\t    \n    \n    <!-- Experiance Section Two \/ Style Two -->\n\t<section class=\"experiance-section-two style-two\">\n\t\t<div class=\"auto-container\">\n\t\t\t<div class=\"row clearfix\">\t\t\t\n\t\t\t\t<!-- Content Column -->\n\t\t\t\t<div class=\"content-column col-lg-6 col-md-12 col-sm-12\">\n\t\t\t\t\t<div class=\"inner-column\">                    \n                       \t                    \n\t\t\t\t\t\t<div class=\"sec-title\">\n\t\t\t\t\t\t\t<div class=\"title\">Budujemy od 2005 roku<\/div>\t\t\t\t\t\t\t<h2>Jeste\u015bmy firm\u0105, kt\u00f3ra udowadnia, \u017ce nawet <span>niewielki zesp\u00f3\u0142<\/span> <br>  mo\u017ce realizowa\u0107 wielkie projekty!<\/h2>\t\t\t\t\t\t\t<div class=\"text\">Nasza historia rozpocz\u0119\u0142a si\u0119 w 2005 roku, od specjalizacji w robotach betonowych i wylewkach. Z biegiem lat konsekwentnie poszerzali\u015bmy nasze kompetencje, zdobywaj\u0105c unikalne do\u015bwiadczenie w zakresie p\u0142yt fundamentowych, fundament\u00f3w hal stalowych oraz konstrukcji \u017celbetowych.\n\nNasza si\u0142a tkwi w du\u017cym zapleczu sprz\u0119towym oraz do\u015bwiadczonej kadrze kierowniczej, wspieranej przez wykwalifikowanych pracownik\u00f3w. Budujemy na solidnych fundamentach, opieraj\u0105c si\u0119 na sta\u0142ej wsp\u00f3\u0142pracy z renomowanymi wykonawcami bran\u017cowymi oraz wielu zaufanych dostawcach materia\u0142\u00f3w.\n\nDo\u015bwiadczenie zdobywali\u015bmy, uczestnicz\u0105c jako wykonawcy w licznych inwestycjach \u2013 zar\u00f3wno tych na wielk\u0105 skal\u0119, jak i mniejszych budowach, obejmuj\u0105cych budynki mieszkalne i przemys\u0142owe. W kr\u00f3tkim czasie rozszerzyli\u015bmy nasz\u0105 dzia\u0142alno\u015b\u0107 o samodzielne wznoszenie budynk\u00f3w, g\u0142\u00f3wnie us\u0142ugowych i magazynowych, wykorzystuj\u0105c zaawansowane technologie konstrukcji betonowych, prefabrykowanych i stalowych.\n\nDzi\u0119ki wieloletniemu do\u015bwiadczeniu i nieustannemu rozwojowi, dzi\u015b z dum\u0105 prezentujemy si\u0119 jako Generalny Wykonawca Obiekt\u00f3w Przemys\u0142owych, gotowi sprosta\u0107 najbardziej wymagaj\u0105cym wyzwaniom budowlanym.<\/div>\t\t\t\t\t\t<\/div>                        \n                                                 \n\t\t\t\t\t\t<!-- Fact Counter \/ Style Three -->\n\t\t\t\t\t\t<div class=\"fact-counter style-three\">\n\t\t\t\t\t\t\t<div class=\"row clearfix\">                            \n\t\t\t\t\t\t\t \t                        \n\t\t\t\t\t\t\t\t<!-- Column -->\n\t\t\t\t\t\t\t\t<div class=\"column counter-column col-lg-6 col-md-6 col-sm-12\">\n\t\t\t\t\t\t\t\t\t<div class=\"inner wow fadeInLeft\" data-wow-delay=\"300ms\" data-wow-duration=\"1500ms\">\n\t\t\t\t\t\t\t\t\t\t<div class=\"content\">\n\t\t\t\t\t\t\t\t\t\t\t<div class=\"icon\"><\/div>\n\t\t\t\t\t\t\t\t\t\t\t<div class=\"count-outer count-box alternate\">\n\t\t\t\t\t\t\t\t\t\t\t\t<span class=\"count-text\" data-speed=\"\" data-stop=\"\"><\/span>\t\t\t\t\t\t\t\t\t\t\t<\/div>\n\t\t\t\t\t\t\t\t\t\t\t<h4 class=\"counter-title\"><\/h4>\n\t\t\t\t\t\t\t\t\t\t<\/div>\n\t\t\t\t\t\t\t\t\t<\/div>\n\t\t\t\t\t\t\t\t<\/div>                                \n                                                       \n\t\t\t\t\t\t\t<\/div>\n\t\t\t\t\t\t<\/div>\t\t\t\t\t\t\n                                                 \n\t\t\t\t\t\t<!-- Button Box -->\n\t\t\t\t\t\t<div class=\"button-box\">\n\t\t\t\t\t\t\t<a class=\"btn-style-three theme-btn\" href=\"\/en\/kontakt\/\"><span class=\"txt\">Kontakt<\/span><\/a>\n\t\t\t\t\t\t<\/div>                        \n                                                 \n\t\t\t\t\t<\/div>\n\t\t\t\t<\/div>\t\t\t\t\n\t\t\t\t<!-- Image Column -->\n\t\t\t\t<div class=\"image-column col-lg-6 col-md-12 col-sm-12\">\n\t\t\t\t\t<div class=\"inner-column\">\n\t\t\t\t\t\t<div class=\"year-box\">\n\t\t\t\t\t\t\t<div class=\"count-box\">\n\t\t\t\t\t\t\t\t0<span class=\"count-text\" data-speed=\"5000\" data-stop=\"20\">0<\/span>\n\t\t\t\t\t\t\t<\/div>\n\t\t\t\t\t\t\t<span class=\"years\">Lat<\/span>\t\t\t\t\t\t<\/div>\n                        \t\t\t\t\t\t<div class=\"image\">\n\t\t\t\t\t\t\t<img decoding=\"async\" src=\"https:\/\/sienkiewiczkonstrukcje.pl\/wp-content\/uploads\/2025\/03\/sygnet-transp.png\" alt=\"Awesome Image\" \/>\n\t\t\t\t\t\t<\/div>\n                        \t\t\t\t\t<\/div>\n\t\t\t\t<\/div>\n\t\t\t\t\n\t\t\t<\/div>\n\t\t<\/div>\n\t<\/section>\n\t<!-- End Experiance Section Two -->\n     \t\t\t\t<\/div>\n\t\t\t\t<\/div>\n\t\t\t\t\t<\/div>\n\t\t<\/div>\n\t\t\t\t\t<\/div>\n\t\t<\/section>\n\t\t\t\t<section class=\"elementor-section elementor-top-section elementor-element elementor-element-a1bc173 elementor-section-full_width elementor-section-height-default elementor-section-height-default\" data-id=\"a1bc173\" data-element_type=\"section\" data-e-type=\"section\">\n\t\t\t\t\t\t<div class=\"elementor-container elementor-column-gap-default\">\n\t\t\t\t\t<div class=\"elementor-column elementor-col-100 elementor-top-column elementor-element elementor-element-e2d0092\" data-id=\"e2d0092\" data-element_type=\"column\" data-e-type=\"column\">\n\t\t\t<div class=\"elementor-widget-wrap elementor-element-populated\">\n\t\t\t\t\t\t<div class=\"elementor-element elementor-element-e690aab elementor-widget elementor-widget-bricks_eng_solutions\" data-id=\"e690aab\" data-element_type=\"widget\" data-e-type=\"widget\" data-widget_type=\"bricks_eng_solutions.default\">\n\t\t\t\t<div class=\"elementor-widget-container\">\n\t\t\t\t\t    \n    <!-- Solution Section -->        \n\t<section class=\"solution-section\" >\n    \t\t\t<div class=\"auto-container\">\n\t\t\t<div class=\"row clearfix\">\t\t\t\n\t\t\t\t<!-- Title Column -->\n\t\t\t\t<div class=\"title-column col-lg-6 col-md-12 col-sm-12\">                \n\t\t\t\t\t<div class=\"inner-column\">                    \n\t\t\t\t\t\t<div class=\"sec-title\">                        \n\t\t\t\t\t\t\t<h2>NASZA OFERTA TO<\/h2>                       \n\t\t\t\t\t\t\t\t\t\t\t\t\t<\/div>                        \n                                                \n\t\t\t\t\t\t<!-- Button Box -->\n\t\t\t\t\t\t<div class=\"button-box\">\n\t\t\t\t\t\t\t<a class=\"btn-style-two theme-btn\" href=\"\/en\/oferta\/\"><span class=\"txt\">Wi\u0119cej<\/span><\/a>\n\t\t\t\t\t\t<\/div>                        \n                                                  \n\t\t\t\t\t<\/div>\n\t\t\t\t<\/div>\t\t\t\t\n\t\t\t\t<!-- Content Column -->\n\t\t\t\t<div class=\"content-column col-lg-6 col-md-12 col-sm-12\">\n\t\t\t\t\t<div class=\"inner-column\">\t\t\t\t\t\t\n                                                  \n\t\t\t\t\t\t<!-- Feature Block -->\n\t\t\t\t\t\t<div class=\"feature-block\">\n\t\t\t\t\t\t\t<div class=\"inner-box\">                            \n\t\t\t\t\t\t\t\t<span class=\"icon flaticon-helmet-2\"><\/span>                                \n\t\t\t\t\t\t\t\t<h4><a href=\"\/en\/generalne-wykonawstwo\/\">Generalne wykonawstwo<\/a><\/h4>\n\t\t\t\t\t\t\t\t<div class=\"text\">Budownictwo przemys\u0142owe, budynki us\u0142ugowe, magazynowe, obiekty rolnicze<\/div>                                \n\t\t\t\t\t\t\t\t \n                                <a href=\"\/en\/generalne-wykonawstwo\/\" class=\"read-more\">wi\u0119cej<i class=\"fa fa-caret-right\"><\/i><\/a>\n                                                            <\/div>\n\t\t\t\t\t\t<\/div>\t\t\t\t\t\n\t\t\t\t\t\t                         \n\t\t\t\t\t\t<!-- Feature Block -->\n\t\t\t\t\t\t<div class=\"feature-block\">\n\t\t\t\t\t\t\t<div class=\"inner-box\">                            \n\t\t\t\t\t\t\t\t<span class=\"icon flaticon-office-building\"><\/span>                                \n\t\t\t\t\t\t\t\t<h4><a href=\"\/en\/hale-stalowe\/\">Hale<\/a><\/h4>\n\t\t\t\t\t\t\t\t<div class=\"text\">Z konstrukcji stalowych, z konstrukcji \u017celbetowych, konstrukcje \u017celbetowe prefabrykowane, budynki przemys\u0142owe wznoszone metod\u0105 tradycyjn\u0105, murowane<\/div>                                \n\t\t\t\t\t\t\t\t \n                                <a href=\"\/en\/hale-stalowe\/\" class=\"read-more\">wi\u0119cej<i class=\"fa fa-caret-right\"><\/i><\/a>\n                                                            <\/div>\n\t\t\t\t\t\t<\/div>\t\t\t\t\t\n\t\t\t\t\t\t                         \n\t\t\t\t\t\t<!-- Feature Block -->\n\t\t\t\t\t\t<div class=\"feature-block\">\n\t\t\t\t\t\t\t<div class=\"inner-box\">                            \n\t\t\t\t\t\t\t\t<span class=\"icon flaticon-crane\"><\/span>                                \n\t\t\t\t\t\t\t\t<h4><a href=\"\/en\/plyty-fundamentowe\/\">P\u0142yty fundamentowe<\/a><\/h4>\n\t\t\t\t\t\t\t\t<div class=\"text\">Dla budownictwa mieszkaniowego, pod budynki przemys\u0142owe, fundamenty tradycyjne i prefabrykowane<\/div>                                \n\t\t\t\t\t\t\t\t \n                                <a href=\"\/en\/plyty-fundamentowe\/\" class=\"read-more\">wi\u0119cej<i class=\"fa fa-caret-right\"><\/i><\/a>\n                                                            <\/div>\n\t\t\t\t\t\t<\/div>\t\t\t\t\t\n\t\t\t\t\t\t\t\t\t\t\t\t\t\n\t\t\t\t\t<\/div>\n\t\t\t\t<\/div>\t\t\t\t\n\t\t\t<\/div>\n\t\t<\/div>\n\t<\/section>\n\t<!-- End Solution Section -->\n    \n        \t\t\t\t<\/div>\n\t\t\t\t<\/div>\n\t\t\t\t\t<\/div>\n\t\t<\/div>\n\t\t\t\t\t<\/div>\n\t\t<\/section>\n\t\t\t\t<section class=\"elementor-section elementor-top-section elementor-element elementor-element-bb9f3e5 elementor-section-full_width elementor-section-height-default elementor-section-height-default\" data-id=\"bb9f3e5\" data-element_type=\"section\" data-e-type=\"section\">\n\t\t\t\t\t\t<div class=\"elementor-container elementor-column-gap-default\">\n\t\t\t\t\t<div class=\"elementor-column elementor-col-100 elementor-top-column elementor-element elementor-element-18b62ae\" data-id=\"18b62ae\" data-element_type=\"column\" data-e-type=\"column\">\n\t\t\t<div class=\"elementor-widget-wrap elementor-element-populated\">\n\t\t\t\t\t\t\t<\/div>\n\t\t<\/div>\n\t\t\t\t\t<\/div>\n\t\t<\/section>\n\t\t\t\t<\/div>","protected":false},"excerpt":{"rendered":"<p>Budujemy od 2005 roku Jeste\u015bmy firm\u0105, kt\u00f3ra udowadnia, \u017ce nawet niewielki zesp\u00f3\u0142 mo\u017ce realizowa\u0107 wielkie projekty! Nasza historia rozpocz\u0119\u0142a si\u0119 w 2005 roku, od specjalizacji w robotach betonowych i wylewkach. Z biegiem lat konsekwentnie poszerzali\u015bmy nasze kompetencje, zdobywaj\u0105c unikalne do\u015bwiadczenie w zakresie p\u0142yt fundamentowych, fundament\u00f3w hal stalowych oraz konstrukcji \u017celbetowych. Nasza si\u0142a tkwi w du\u017cym [&hellip;]<\/p>\n","protected":false},"author":3,"featured_media":0,"parent":0,"menu_order":0,"comment_status":"closed","ping_status":"closed","template":"tpl-default-elementor.php","meta":{"footnotes":""},"class_list":["post-20","page","type-page","status-publish","hentry"],"_links":{"self":[{"href":"https:\/\/sienkiewiczkonstrukcje.pl\/en\/wp-json\/wp\/v2\/pages\/20","targetHints":{"allow":["GET"]}}],"collection":[{"href":"https:\/\/sienkiewiczkonstrukcje.pl\/en\/wp-json\/wp\/v2\/pages"}],"about":[{"href":"https:\/\/sienkiewiczkonstrukcje.pl\/en\/wp-json\/wp\/v2\/types\/page"}],"author":[{"embeddable":true,"href":"https:\/\/sienkiewiczkonstrukcje.pl\/en\/wp-json\/wp\/v2\/users\/3"}],"replies":[{"embeddable":true,"href":"https:\/\/sienkiewiczkonstrukcje.pl\/en\/wp-json\/wp\/v2\/comments?post=20"}],"version-history":[{"count":29,"href":"https:\/\/sienkiewiczkonstrukcje.pl\/en\/wp-json\/wp\/v2\/pages\/20\/revisions"}],"predecessor-version":[{"id":2136,"href":"https:\/\/sienkiewiczkonstrukcje.pl\/en\/wp-json\/wp\/v2\/pages\/20\/revisions\/2136"}],"wp:attachment":[{"href":"https:\/\/sienkiewiczkonstrukcje.pl\/en\/wp-json\/wp\/v2\/media?parent=20"}],"curies":[{"name":"wp","href":"https:\/\/api.w.org\/{rel}","templated":true}]}}