{"id":1917,"date":"2025-10-13T13:55:13","date_gmt":"2025-10-13T11:55:13","guid":{"rendered":"https:\/\/sienkiewiczkonstrukcje.pl\/?page_id=1917"},"modified":"2025-10-21T10:50:29","modified_gmt":"2025-10-21T08:50:29","slug":"hale-stalowe","status":"publish","type":"page","link":"https:\/\/sienkiewiczkonstrukcje.pl\/en\/hale-stalowe\/","title":{"rendered":"Hale"},"content":{"rendered":"<div data-elementor-type=\"wp-page\" data-elementor-id=\"1917\" class=\"elementor elementor-1917\">\n\t\t\t\t<div class=\"elementor-element elementor-element-2f5b85e e-flex e-con-boxed e-con e-parent\" data-id=\"2f5b85e\" data-element_type=\"container\" data-e-type=\"container\">\n\t\t\t\t\t<div class=\"e-con-inner\">\n\t\t\t\t<div class=\"elementor-element elementor-element-06075f6 elementor-widget elementor-widget-text-editor\" data-id=\"06075f6\" data-element_type=\"widget\" data-e-type=\"widget\" data-widget_type=\"text-editor.default\">\n\t\t\t\t<div class=\"elementor-widget-container\">\n\t\t\t\t\t\t\t\t\t<h2>Hale Stalowe &#8211; Funkcjonalno\u015b\u0107 i Trwa\u0142o\u015b\u0107<\/h2><p><br \/>Budujemy hale stalowe, kt\u00f3re spe\u0142niaj\u0105 najwy\u017csze standardy jako\u015bci i odpowiadaj\u0105 na specyficzne potrzeby naszych klient\u00f3w. Specjalizujemy si\u0119 w projektowaniu i realizacji konstrukcji stalowych, kt\u00f3re znajduj\u0105 zastosowanie w r\u00f3\u017cnorodnych bran\u017cach, od magazyn\u00f3w i hal produkcyjnych po obiekty handlowe i sportowe.<\/p><h3>Co oferujemy:<\/h3><ul><li>Kompleksowe rozwi\u0105zania: Od projektu po monta\u017c, zapewniamy pe\u0142n\u0105 obs\u0142ug\u0119 inwestycji.<\/li><li>Konstrukcje na miar\u0119: Dostosowujemy wymiary i specyfikacj\u0119 hal do indywidualnych potrzeb.<\/li><li>Wysoka jako\u015b\u0107 materia\u0142\u00f3w: U\u017cywamy stali o najwy\u017cszej wytrzyma\u0142o\u015bci, gwarantuj\u0105c trwa\u0142o\u015b\u0107 i bezpiecze\u0144stwo.<\/li><li>Obudowa z p\u0142yt warstwowych: Zapewniamy doskona\u0142\u0105 izolacj\u0119 termiczn\u0105 i akustyczn\u0105, a tak\u017ce estetyczny wygl\u0105d.<\/li><li>Opcje wyko\u0144czenia: Oferujemy konstrukcje ocynkowane dla zwi\u0119kszonej odporno\u015bci na korozj\u0119 lub malowane proszkowo w szerokiej gamie kolor\u00f3w.<\/li><li>Dodatkowe elementy: Montujemy \u015bwietliki dachowe, stolark\u0119 okienn\u0105, bramy i wykonujemy precyzyjne obr\u00f3bki blacharskie.<\/li><\/ul><h3><br \/>Dlaczego warto wybra\u0107 nasze hale stalowe?<\/h3><ul><li>Szybko\u015b\u0107 realizacji: Budowa hal stalowych jest znacznie szybsza ni\u017c tradycyjnych budynk\u00f3w.<\/li><li>Koszty: Optymalizacja koszt\u00f3w budowy i eksploatacji.<\/li><li>Elastyczno\u015b\u0107: Mo\u017cliwo\u015b\u0107 modyfikacji i rozbudowy w przysz\u0142o\u015bci.<\/li><li>Trwa\u0142o\u015b\u0107: Konstrukcje stalowe s\u0105 odporne na warunki atmosferyczne i uszkodzenia.<\/li><\/ul>\t\t\t\t\t\t\t\t<\/div>\n\t\t\t\t<\/div>\n\t\t\t\t\t<\/div>\n\t\t\t\t<\/div>\n\t\t<div class=\"elementor-element elementor-element-6f58c2a e-flex e-con-boxed e-con e-parent\" data-id=\"6f58c2a\" data-element_type=\"container\" data-e-type=\"container\">\n\t\t\t\t\t<div class=\"e-con-inner\">\n\t\t<div class=\"elementor-element elementor-element-ede5dca e-con-full e-flex e-con e-child\" data-id=\"ede5dca\" data-element_type=\"container\" data-e-type=\"container\">\n\t\t\t\t<\/div>\n\t\t<div class=\"elementor-element elementor-element-2539b54 e-con-full e-flex e-con e-child\" data-id=\"2539b54\" data-element_type=\"container\" data-e-type=\"container\">\n\t\t\t\t<\/div>\n\t\t\t\t\t<\/div>\n\t\t\t\t<\/div>\n\t\t<div class=\"elementor-element elementor-element-6d92a72 e-flex e-con-boxed e-con e-parent\" data-id=\"6d92a72\" data-element_type=\"container\" data-e-type=\"container\">\n\t\t\t\t\t<div class=\"e-con-inner\">\n\t\t\t\t<div class=\"elementor-element elementor-element-0e07eca elementor-widget elementor-widget-text-editor\" data-id=\"0e07eca\" data-element_type=\"widget\" data-e-type=\"widget\" data-widget_type=\"text-editor.default\">\n\t\t\t\t<div class=\"elementor-widget-container\">\n\t\t\t\t\t\t\t\t\t<h2>Hale \u017belbetowe Prefabrykowane &#8211; Bezpiecze\u0144stwo i Efektywno\u015b\u0107<\/h2><ul><li>Oferujemy budow\u0119 hal z wykorzystaniem nowoczesnych konstrukcji \u017celbetowych prefabrykowanych, kt\u00f3re stanowi\u0105 doskona\u0142\u0105 alternatyw\u0119 dla tradycyjnych rozwi\u0105za\u0144 stalowych, szczeg\u00f3lnie w przypadku wi\u0119kszych obiekt\u00f3w. Hale \u017celbetowe prefabrykowane charakteryzuj\u0105 si\u0119 wysok\u0105 odporno\u015bci\u0105 ogniow\u0105, co znacz\u0105co zwi\u0119ksza bezpiecze\u0144stwo u\u017cytkownik\u00f3w i mienia.<\/li><\/ul><h3>Co wyr\u00f3\u017cnia nasze hale \u017celbetowe prefabrykowane:<\/h3><ul><li>Wy\u017csza odporno\u015b\u0107 ogniowa: \u017belbet zapewnia doskona\u0142\u0105 ochron\u0119 przed po\u017carem, minimalizuj\u0105c ryzyko uszkodze\u0144 i strat.<\/li><li>Optymalizacja koszt\u00f3w: W przypadku wi\u0119kszych hal, konstrukcje \u017celbetowe prefabrykowane mog\u0105 by\u0107 bardziej ekonomiczne ni\u017c stalowe.<\/li><li>Trwa\u0142o\u015b\u0107 i solidno\u015b\u0107: \u017belbet zapewnia wysok\u0105 wytrzyma\u0142o\u015b\u0107 i d\u0142ug\u0105 \u017cywotno\u015b\u0107 konstrukcji.<\/li><li>Obudowa: Podobnie jak w halach stalowych, obudowa wykonana jest z wysokiej jako\u015bci p\u0142yt warstwowych, zapewniaj\u0105cych doskona\u0142\u0105 izolacj\u0119 termiczn\u0105 i akustyczn\u0105.<\/li><li>Kompleksowa realizacja: Oferujemy pe\u0142en zakres us\u0142ug, od projektu po monta\u017c, zapewniaj\u0105c kompleksow\u0105 obs\u0142ug\u0119 inwestycji.<\/li><\/ul><p>\u00a0<\/p><h3>Systemy Mieszane &#8211; Elastyczno\u015b\u0107 i Oszcz\u0119dno\u015b\u0107<\/h3><ul><li>Dodatkowo, oferujemy budow\u0119 hal w systemach mieszanych, \u0142\u0105cz\u0105cych zalety konstrukcji \u017celbetowych i stalowych. W takich rozwi\u0105zaniach, s\u0142upy wykonane s\u0105 z prefabrykowanego \u017celbetu, a d\u017awigary z konstrukcji stalowej. To po\u0142\u0105czenie pozwala na optymalne wykorzystanie zalet obu technologii, zapewniaj\u0105c elastyczno\u015b\u0107 w projektowaniu i optymalizacj\u0119 koszt\u00f3w.<\/li><\/ul>\t\t\t\t\t\t\t\t<\/div>\n\t\t\t\t<\/div>\n\t\t\t\t\t<\/div>\n\t\t\t\t<\/div>\n\t\t<div class=\"elementor-element elementor-element-88a3dcc e-flex e-con-boxed e-con e-parent\" data-id=\"88a3dcc\" data-element_type=\"container\" data-e-type=\"container\">\n\t\t\t\t\t<div class=\"e-con-inner\">\n\t\t\t\t<div class=\"elementor-element elementor-element-8a1471f elementor-widget elementor-widget-text-editor\" data-id=\"8a1471f\" data-element_type=\"widget\" data-e-type=\"widget\" data-widget_type=\"text-editor.default\">\n\t\t\t\t<div class=\"elementor-widget-container\">\n\t\t\t\t\t\t\t\t\t<p>Lorem ipsum dolor sit amet, consectetur adipiscing elit. Ut elit tellus, luctus nec ullamcorper mattis, pulvinar dapibus leo.<\/p>\t\t\t\t\t\t\t\t<\/div>\n\t\t\t\t<\/div>\n\t\t\t\t\t<\/div>\n\t\t\t\t<\/div>\n\t\t<div class=\"elementor-element elementor-element-c82ffb9 e-flex e-con-boxed e-con e-parent\" data-id=\"c82ffb9\" data-element_type=\"container\" data-e-type=\"container\">\n\t\t\t\t\t<div class=\"e-con-inner\">\n\t\t\t\t<div class=\"elementor-element elementor-element-8d5b379 elementor-widget elementor-widget-text-editor\" data-id=\"8d5b379\" data-element_type=\"widget\" data-e-type=\"widget\" data-widget_type=\"text-editor.default\">\n\t\t\t\t<div class=\"elementor-widget-container\">\n\t\t\t\t\t\t\t\t\t<h2>Hale Tradycyjne &#8211; Trwa\u0142o\u015b\u0107 i Solidno\u015b\u0107<\/h2><ul><li><br \/>Budowa hal w systemie tradycyjnym, murowanym, to rozwi\u0105zanie, kt\u00f3re zapewnia wysok\u0105 trwa\u0142o\u015b\u0107 i stabilno\u015b\u0107 konstrukcji. Cho\u0107 proces budowy jest bardziej czasoch\u0142onny i kosztowny, to jednak oferuje szereg korzy\u015bci, kt\u00f3re mog\u0105 by\u0107 kluczowe dla Twojego projektu.<\/li><li>\u00a0<\/li><li><h5>Kluczowe cechy hal tradycyjnych:<\/h5><strong>Trwa\u0142o\u015b\u0107:<\/strong> Hale murowane charakteryzuj\u0105 si\u0119 d\u0142ugowieczno\u015bci\u0105 i odporno\u015bci\u0105 na r\u00f3\u017cne warunki atmosferyczne, co czyni je idealnym wyborem dla obiekt\u00f3w wymagaj\u0105cych solidnej konstrukcji.<\/li><li><strong>Izolacja:<\/strong> Dzi\u0119ki zastosowaniu klasycznych materia\u0142\u00f3w budowlanych, takich jak ceg\u0142y i beton, hale te oferuj\u0105 doskona\u0142e w\u0142a\u015bciwo\u015bci izolacyjne, co przek\u0142ada si\u0119 na ni\u017csze koszty eksploatacji.<\/li><li><strong>Mo\u017cliwo\u015b\u0107 adaptacji:<\/strong> Hale murowane mo\u017cna \u0142atwo dostosowa\u0107 do zmieniaj\u0105cych si\u0119 potrzeb u\u017cytkownik\u00f3w, co czyni je elastycznym rozwi\u0105zaniem na d\u0142ugie lata.<\/li><li><strong>Estetyka:<\/strong> Tradycyjne materia\u0142y budowlane pozwalaj\u0105 na uzyskanie estetycznego wygl\u0105du, kt\u00f3ry mo\u017ce by\u0107 dostosowany do otoczenia.<\/li><li><strong>Bezpiecze\u0144stwo:<\/strong> Hale murowane oferuj\u0105 lepsze parametry przeciwpo\u017carowe w por\u00f3wnaniu do konstrukcji stalowych, co zwi\u0119ksza bezpiecze\u0144stwo u\u017cytkownik\u00f3w.<\/li><\/ul>\t\t\t\t\t\t\t\t<\/div>\n\t\t\t\t<\/div>\n\t\t\t\t\t<\/div>\n\t\t\t\t<\/div>\n\t\t\t\t<\/div>","protected":false},"excerpt":{"rendered":"<p>Hale Stalowe &#8211; Funkcjonalno\u015b\u0107 i Trwa\u0142o\u015b\u0107 Budujemy hale stalowe, kt\u00f3re spe\u0142niaj\u0105 najwy\u017csze standardy jako\u015bci i odpowiadaj\u0105 na specyficzne potrzeby naszych klient\u00f3w. Specjalizujemy si\u0119 w projektowaniu i realizacji konstrukcji stalowych, kt\u00f3re znajduj\u0105 zastosowanie w r\u00f3\u017cnorodnych bran\u017cach, od magazyn\u00f3w i hal produkcyjnych po obiekty handlowe i sportowe. Co oferujemy: Kompleksowe rozwi\u0105zania: Od projektu po monta\u017c, zapewniamy pe\u0142n\u0105 [&hellip;]<\/p>\n","protected":false},"author":1,"featured_media":0,"parent":0,"menu_order":0,"comment_status":"closed","ping_status":"closed","template":"","meta":{"footnotes":""},"class_list":["post-1917","page","type-page","status-publish","hentry"],"_links":{"self":[{"href":"https:\/\/sienkiewiczkonstrukcje.pl\/en\/wp-json\/wp\/v2\/pages\/1917","targetHints":{"allow":["GET"]}}],"collection":[{"href":"https:\/\/sienkiewiczkonstrukcje.pl\/en\/wp-json\/wp\/v2\/pages"}],"about":[{"href":"https:\/\/sienkiewiczkonstrukcje.pl\/en\/wp-json\/wp\/v2\/types\/page"}],"author":[{"embeddable":true,"href":"https:\/\/sienkiewiczkonstrukcje.pl\/en\/wp-json\/wp\/v2\/users\/1"}],"replies":[{"embeddable":true,"href":"https:\/\/sienkiewiczkonstrukcje.pl\/en\/wp-json\/wp\/v2\/comments?post=1917"}],"version-history":[{"count":11,"href":"https:\/\/sienkiewiczkonstrukcje.pl\/en\/wp-json\/wp\/v2\/pages\/1917\/revisions"}],"predecessor-version":[{"id":2104,"href":"https:\/\/sienkiewiczkonstrukcje.pl\/en\/wp-json\/wp\/v2\/pages\/1917\/revisions\/2104"}],"wp:attachment":[{"href":"https:\/\/sienkiewiczkonstrukcje.pl\/en\/wp-json\/wp\/v2\/media?parent=1917"}],"curies":[{"name":"wp","href":"https:\/\/api.w.org\/{rel}","templated":true}]}}