{"id":1891,"date":"2025-08-25T10:32:11","date_gmt":"2025-08-25T08:32:11","guid":{"rendered":"https:\/\/sienkiewiczkonstrukcje.pl\/?page_id=1891"},"modified":"2025-10-21T10:55:04","modified_gmt":"2025-10-21T08:55:04","slug":"generalne-wykonawstwo","status":"publish","type":"page","link":"https:\/\/sienkiewiczkonstrukcje.pl\/en\/generalne-wykonawstwo\/","title":{"rendered":"Generalne wykonawstwo"},"content":{"rendered":"\t\t<div data-elementor-type=\"wp-page\" data-elementor-id=\"1891\" class=\"elementor elementor-1891\">\n\t\t\t\t<div class=\"elementor-element elementor-element-6160c2fe e-flex e-con-boxed e-con e-parent\" data-id=\"6160c2fe\" data-element_type=\"container\" data-e-type=\"container\">\n\t\t\t\t\t<div class=\"e-con-inner\">\n\t\t\t\t<div class=\"elementor-element elementor-element-e32b2b elementor-widget elementor-widget-text-editor\" data-id=\"e32b2b\" data-element_type=\"widget\" data-e-type=\"widget\" data-widget_type=\"text-editor.default\">\n\t\t\t\t<div class=\"elementor-widget-container\">\n\t\t\t\t\t\t\t\t\t<div>\n<div class=\"relative w-full rounded-aria-radius-3 p-aria-4 bg-levels-l3-cards\">\n<div data-test-id=\"e-div-rich-response\">\n<div class=\"[&amp;&gt;p:not(:first-child)]:mt-4\" style=\"box-sizing: border-box; --tw-border-spacing-x: 0; --tw-border-spacing-y: 0; --tw-translate-x: 0; --tw-translate-y: 0; --tw-rotate: 0; --tw-skew-x: 0; --tw-skew-y: 0; --tw-scale-x: 1; --tw-scale-y: 1; --tw-scroll-snap-strictness: proximity; --tw-ring-offset-width: 0px; --tw-ring-offset-color: #fff; --tw-ring-color: rgb(59 130 246 \/ 0.5); --tw-ring-offset-shadow: 0 0 #0000; --tw-ring-shadow: 0 0 #0000; --tw-shadow: 0 0 #0000; --tw-shadow-colored: 0 0 #0000; border: 0px solid #e5e7eb;\">\n<p>Jeste\u015bmy Pa\u0144stwa zaufanym partnerem w kompleksowej realizacji budynk\u00f3w u\u017cytkowych, dzia\u0142aj\u0105c jako generalny wykonawca.<\/p>\n<p>Od pierwszej iskry koncepcji w Pa\u0144stwa g\u0142owach, a\u017c po ostateczny odbi\u00f3r obiektu \u2013 prowadzimy ca\u0142y proces z najwy\u017csz\u0105 staranno\u015bci\u0105 i zaanga\u017cowaniem.<\/p>\n<p><strong>Nasza kompleksowa oferta obejmuje:<\/strong><\/p>\n<ul>\n<li><strong>Analiza i przygotowanie:<\/strong>\u00a0Weryfikujemy potencja\u0142 Pa\u0144stwa dzia\u0142ki, oferuj\u0105c wsparcie na ka\u017cdym etapie projektowania \u2013 od koncepcji architektonicznej po szczeg\u00f3\u0142owe projekty techniczne.<\/li>\n<li><strong>Pe\u0142ne wykonawstwo:<\/strong>\u00a0Realizujemy budow\u0119 obiektu w ca\u0142ym zakresie, zapewniaj\u0105c profesjonalny nadz\u00f3r nad ka\u017cdym etapem prac, a\u017c do momentu oddania budynku do u\u017cytkowania.<\/li>\n<li><strong>Integracja bran\u017c:<\/strong>\u00a0Koordynujemy i realizujemy wszystkie niezb\u0119dne bran\u017ce towarzysz\u0105ce, w tym instalacje sanitarne, elektryczne, systemy przeciwpo\u017carowe oraz zagospodarowanie terenu, tworz\u0105c sp\u00f3jn\u0105 i funkcjonaln\u0105 ca\u0142o\u015b\u0107.<\/li>\n<\/ul>\n<p><strong>Nasza si\u0142a tkwi w do\u015bwiadczeniu i zasobach:<\/strong><\/p>\n<p>Wykorzystujemy\u00a0<strong>w\u0142asne, bogate zaplecze kierownicze<\/strong>, co gwarantuje profesjonalne zarz\u0105dzanie projektem. W wi\u0119kszo\u015bci inwestycji budow\u0119 realizujemy\u00a0<strong>w\u0142asnymi, wykwalifikowanymi zasobami pracowniczymi<\/strong>\u00a0oraz dysponujemy\u00a0<strong>szerokim parkiem maszynowym<\/strong>. To po\u0142\u0105czenie pozwala nam oferowa\u0107\u00a0<strong>konkurencyjne ceny<\/strong>\u00a0przy zachowaniu najwy\u017cszych standard\u00f3w jako\u015bci.<\/p>\n<p><strong>Stawiamy na jako\u015b\u0107, nie ilo\u015b\u0107:<\/strong><\/p>\n<p>\u015awiadomie ograniczamy liczb\u0119 realizowanych jednocze\u015bnie bud\u00f3w, aby ka\u017cdemu projektowi po\u015bwi\u0119ci\u0107 nale\u017cyt\u0105 uwag\u0119 i zapewni\u0107\u00a0<strong>niezwyk\u0142\u0105 staranno\u015b\u0107 wykonania<\/strong>. Nie stawiamy na masow\u0105 produkcj\u0119, lecz na indywidualne podej\u015bcie i perfekcj\u0119 w ka\u017cdym detalu.<\/p>\n<\/div>\n<\/div>\n<\/div>\n<\/div>\n<div>\n<div>\n<div class=\"[&amp;&gt;p:not(:first-child)]:mt-4\" style=\"box-sizing: border-box; --tw-border-spacing-x: 0; --tw-border-spacing-y: 0; --tw-translate-x: 0; --tw-translate-y: 0; --tw-rotate: 0; --tw-skew-x: 0; --tw-skew-y: 0; --tw-scale-x: 1; --tw-scale-y: 1; --tw-scroll-snap-strictness: proximity; --tw-ring-offset-width: 0px; --tw-ring-offset-color: #fff; --tw-ring-color: rgb(59 130 246 \/ 0.5); --tw-ring-offset-shadow: 0 0 #0000; --tw-ring-shadow: 0 0 #0000; --tw-shadow: 0 0 #0000; --tw-shadow-colored: 0 0 #0000; border: 0px solid #e5e7eb;\">\n<p>Zapraszamy do kontaktu i rozpocz\u0119cia owocnej wsp\u00f3\u0142pracy!<\/p>\n<\/div>\n<\/div>\n<\/div>\n\n<p class=\"is-layout-flow wp-block-quote-is-layout-flow\">\u00a0<\/p>\n\n<p>\u00a0<\/p>\n\t\t\t\t\t\t\t\t<\/div>\n\t\t\t\t<\/div>\n\t\t\t\t\t<\/div>\n\t\t\t\t<\/div>\n\t\t\t\t<\/div>\n\t\t","protected":false},"excerpt":{"rendered":"<p>Jeste\u015bmy Pa\u0144stwa zaufanym partnerem w kompleksowej realizacji budynk\u00f3w u\u017cytkowych, dzia\u0142aj\u0105c jako generalny wykonawca. Od pierwszej iskry koncepcji w Pa\u0144stwa g\u0142owach, a\u017c po ostateczny odbi\u00f3r obiektu \u2013 prowadzimy ca\u0142y proces z najwy\u017csz\u0105 staranno\u015bci\u0105 i zaanga\u017cowaniem. Nasza kompleksowa oferta obejmuje: Analiza i przygotowanie:\u00a0Weryfikujemy potencja\u0142 Pa\u0144stwa dzia\u0142ki, oferuj\u0105c wsparcie na ka\u017cdym etapie projektowania \u2013 od koncepcji architektonicznej po [&hellip;]<\/p>\n","protected":false},"author":2,"featured_media":0,"parent":0,"menu_order":0,"comment_status":"closed","ping_status":"closed","template":"","meta":{"footnotes":""},"class_list":["post-1891","page","type-page","status-publish","hentry"],"_links":{"self":[{"href":"https:\/\/sienkiewiczkonstrukcje.pl\/en\/wp-json\/wp\/v2\/pages\/1891","targetHints":{"allow":["GET"]}}],"collection":[{"href":"https:\/\/sienkiewiczkonstrukcje.pl\/en\/wp-json\/wp\/v2\/pages"}],"about":[{"href":"https:\/\/sienkiewiczkonstrukcje.pl\/en\/wp-json\/wp\/v2\/types\/page"}],"author":[{"embeddable":true,"href":"https:\/\/sienkiewiczkonstrukcje.pl\/en\/wp-json\/wp\/v2\/users\/2"}],"replies":[{"embeddable":true,"href":"https:\/\/sienkiewiczkonstrukcje.pl\/en\/wp-json\/wp\/v2\/comments?post=1891"}],"version-history":[{"count":8,"href":"https:\/\/sienkiewiczkonstrukcje.pl\/en\/wp-json\/wp\/v2\/pages\/1891\/revisions"}],"predecessor-version":[{"id":1916,"href":"https:\/\/sienkiewiczkonstrukcje.pl\/en\/wp-json\/wp\/v2\/pages\/1891\/revisions\/1916"}],"wp:attachment":[{"href":"https:\/\/sienkiewiczkonstrukcje.pl\/en\/wp-json\/wp\/v2\/media?parent=1891"}],"curies":[{"name":"wp","href":"https:\/\/api.w.org\/{rel}","templated":true}]}}